{"id":173,"date":"2015-01-23T14:25:49","date_gmt":"2015-01-23T20:25:49","guid":{"rendered":"http:\/\/www.matyver.net\/?page_id=173"},"modified":"2015-02-03T09:13:47","modified_gmt":"2015-02-03T15:13:47","slug":"links","status":"publish","type":"page","link":"https:\/\/www.matyver.net\/index.php\/links\/","title":{"rendered":"Links"},"content":{"rendered":"\n<div class=\"twitter-share\"><a href=\"https:\/\/twitter.com\/intent\/tweet?via=matyver_sv\" class=\"twitter-share-button\">Tweet<\/a><\/div>\n<p>Aqu\u00ed se muestran algunas de las p\u00e1ginas que vale la pena ver seg\u00fan mi entender&#8230;<\/p>\n<p><em><span style=\"font-family: book antiqua,palatino; font-size: 12pt;\">Las escalas del universo<\/span><\/em>. Esta p\u00e1gina es un archivo interactivo, al parecer en Flash, donde se muestran los tama\u00f1os comparativos desde lo mas peque\u00f1o hasta lo mas grande. Inicia con un humano en escala.<br \/>\n<a href=\"http:\/\/htwins.net\/scale2\/\">http:\/\/htwins.net\/scale2\/<\/a><\/p>\n<p><span style=\"font-family: book antiqua,palatino; font-size: 12pt;\"><em>Montando un fot\u00f3n<\/em><\/span>. Es una simulaci\u00f3n que nos muestra c\u00f3mo veriamos a nuestros vecinos planetarios si montamos un fot\u00f3n viajando a la velocidad de la luz. Muy interesante.<br \/>\n<a href=\"http:\/\/www.huffingtonpost.com\/2015\/02\/02\/riding-light-video_n_6595092.html?ncid=txtlnkusaolp00000592\">http:\/\/www.huffingtonpost.com\/2015\/02\/02\/riding-light-video_n_6595092.html?ncid=txtlnkusaolp00000592<\/a><\/p>\n<p>&nbsp;<\/p>\n","protected":false},"excerpt":{"rendered":"<p>Aqu\u00ed se muestran algunas de las p\u00e1ginas que vale la pena ver seg\u00fan mi entender&#8230; Las escalas del universo. Esta p\u00e1gina es un archivo interactivo, al parecer en Flash, donde se muestran los tama\u00f1os comparativos desde lo mas peque\u00f1o hasta lo mas grande. Inicia con un humano en escala. http:\/\/htwins.net\/scale2\/ Montando un fot\u00f3n. Es una [&hellip;]<\/p>\n","protected":false},"author":6,"featured_media":0,"parent":0,"menu_order":0,"comment_status":"closed","ping_status":"open","template":"","meta":{"om_disable_all_campaigns":false,"_mi_skip_tracking":false,"_exactmetrics_sitenote_active":false,"_exactmetrics_sitenote_note":"","_exactmetrics_sitenote_category":0,"_monsterinsights_skip_tracking":false,"_monsterinsights_sitenote_active":false,"_monsterinsights_sitenote_note":"","_monsterinsights_sitenote_category":0},"aioseo_notices":[],"_links":{"self":[{"href":"https:\/\/www.matyver.net\/index.php\/wp-json\/wp\/v2\/pages\/173"}],"collection":[{"href":"https:\/\/www.matyver.net\/index.php\/wp-json\/wp\/v2\/pages"}],"about":[{"href":"https:\/\/www.matyver.net\/index.php\/wp-json\/wp\/v2\/types\/page"}],"author":[{"embeddable":true,"href":"https:\/\/www.matyver.net\/index.php\/wp-json\/wp\/v2\/users\/6"}],"replies":[{"embeddable":true,"href":"https:\/\/www.matyver.net\/index.php\/wp-json\/wp\/v2\/comments?post=173"}],"version-history":[{"count":5,"href":"https:\/\/www.matyver.net\/index.php\/wp-json\/wp\/v2\/pages\/173\/revisions"}],"predecessor-version":[{"id":208,"href":"https:\/\/www.matyver.net\/index.php\/wp-json\/wp\/v2\/pages\/173\/revisions\/208"}],"wp:attachment":[{"href":"https:\/\/www.matyver.net\/index.php\/wp-json\/wp\/v2\/media?parent=173"}],"curies":[{"name":"wp","href":"https:\/\/api.w.org\/{rel}","templated":true}]}}