{"id":182,"date":"2015-01-28T12:21:00","date_gmt":"2015-01-28T18:21:00","guid":{"rendered":"http:\/\/www.matyver.net\/?page_id=182"},"modified":"2015-01-28T12:21:00","modified_gmt":"2015-01-28T18:21:00","slug":"leyenda","status":"publish","type":"page","link":"https:\/\/www.matyver.net\/index.php\/leyenda\/","title":{"rendered":"Leyenda"},"content":{"rendered":"\n<div class=\"twitter-share\"><a href=\"https:\/\/twitter.com\/intent\/tweet?via=matyver_sv\" class=\"twitter-share-button\">Tweet<\/a><\/div>\n<p><span style=\"font-family: book antiqua,palatino; font-size: 14pt;\"><em>Leyenda<\/em> <\/span>tratar\u00e1 de establecer algunos preguntas que deber\u00edan trascender a nuestra propia existencia. Las respuestas a dichas preguntas no son reales, y algunas ni siquiera plausibles ni demostrables pero son claros pensamientos que llegan a mi mente.<\/p>\n<p>De donde viene la especie humana? Hacia donde va? Nuestra pertenencia al reino animal, nuestros mas b\u00e1sicos instintos y urgencias. Estos son algunos de los temas que busco tratar en esta secci\u00f3n. Pido disculpas anticipadas ya que muchas preguntas y respuestas sobrepasar\u00e1n lo conocido como &#8220;<em>politicamente correcto<\/em>&#8220;.<\/p>\n<p>No espero causar pol\u00e9mica, ni furor, ni siquiera un tema de conversaci\u00f3n. Simplemente espero que las preguntas tengan alguna val\u00eddez y que las respuestas sean congruentes.<\/p>\n","protected":false},"excerpt":{"rendered":"<p>Leyenda tratar\u00e1 de establecer algunos preguntas que deber\u00edan trascender a nuestra propia existencia. Las respuestas a dichas preguntas no son reales, y algunas ni siquiera plausibles ni demostrables pero son claros pensamientos que llegan a mi mente. De donde viene la especie humana? Hacia donde va? Nuestra pertenencia al reino animal, nuestros mas b\u00e1sicos instintos [&hellip;]<\/p>\n","protected":false},"author":6,"featured_media":0,"parent":0,"menu_order":0,"comment_status":"closed","ping_status":"open","template":"","meta":{"om_disable_all_campaigns":false,"_mi_skip_tracking":false,"_exactmetrics_sitenote_active":false,"_exactmetrics_sitenote_note":"","_exactmetrics_sitenote_category":0,"_monsterinsights_skip_tracking":false,"_monsterinsights_sitenote_active":false,"_monsterinsights_sitenote_note":"","_monsterinsights_sitenote_category":0},"aioseo_notices":[],"_links":{"self":[{"href":"https:\/\/www.matyver.net\/index.php\/wp-json\/wp\/v2\/pages\/182"}],"collection":[{"href":"https:\/\/www.matyver.net\/index.php\/wp-json\/wp\/v2\/pages"}],"about":[{"href":"https:\/\/www.matyver.net\/index.php\/wp-json\/wp\/v2\/types\/page"}],"author":[{"embeddable":true,"href":"https:\/\/www.matyver.net\/index.php\/wp-json\/wp\/v2\/users\/6"}],"replies":[{"embeddable":true,"href":"https:\/\/www.matyver.net\/index.php\/wp-json\/wp\/v2\/comments?post=182"}],"version-history":[{"count":1,"href":"https:\/\/www.matyver.net\/index.php\/wp-json\/wp\/v2\/pages\/182\/revisions"}],"predecessor-version":[{"id":183,"href":"https:\/\/www.matyver.net\/index.php\/wp-json\/wp\/v2\/pages\/182\/revisions\/183"}],"wp:attachment":[{"href":"https:\/\/www.matyver.net\/index.php\/wp-json\/wp\/v2\/media?parent=182"}],"curies":[{"name":"wp","href":"https:\/\/api.w.org\/{rel}","templated":true}]}}