{"id":185,"date":"2015-01-29T20:19:45","date_gmt":"2015-01-30T02:19:45","guid":{"rendered":"http:\/\/www.matyver.net\/?page_id=185"},"modified":"2015-02-10T16:20:49","modified_gmt":"2015-02-10T22:20:49","slug":"el-eterno-viaje","status":"publish","type":"page","link":"https:\/\/www.matyver.net\/index.php\/leyenda\/el-eterno-viaje\/","title":{"rendered":"El Eterno Viaje"},"content":{"rendered":"\n<div class=\"twitter-share\"><a href=\"https:\/\/twitter.com\/intent\/tweet?via=matyver_sv\" class=\"twitter-share-button\">Tweet<\/a><\/div>\n<p>Hace algun tiempo, se me ocurrio preguntarme: que tal si nosotros, los humanos, no somos nativos a este planeta? La pregunta viene por las muchas historias que est\u00e1n siendo publicadas alrededor de las fotos que env\u00eda el <a href=\"http:\/\/mars.jpl.nasa.gov\/msl\/\">Mars Curiosity<\/a> y de las cuales muchos te\u00f3ricos de la conspiraci\u00f3n afirman que muestran elementos atribuibles a civilizaci\u00f3n.<\/p>\n<p>Creo que el tema ya lo hemos visto; hay pel\u00edculas al respecto y hay mucha literatura que nos mantiene entretenidos y pegados a nuestros libros (y \u00faltimamente a nuestras pantallas) alrededor de esta pregunta. Teniendo esto en consideraci\u00f3n, me puse a cavilar un poco acerca de qu\u00e9 pasar\u00eda si en este momento de nuestra civilizaci\u00f3n, con premura, debieramos abandonar nuestro planeta y movernos a otro.<\/p>\n<p>Ojo, que dentro de la l\u00ednea de pensamiento que estoy tratando de llevar hago \u00e9nfasis en que es <em>con premura<\/em> y <em>en este momento<\/em>. Para ponerle un motivo (siempre es necesario conocer el motivo, el <em>por qu\u00e9<\/em>) digamos que se est\u00e1 a la vuelta de un <a href=\"http:\/\/www.matyver.net\/index.php\/diccionario\/\">tetuntazo<\/a> de proporciones b\u00edblicas.<\/p>\n<p>El tema principal que vamos a estudiar es la posible migraci\u00f3n de una civilizaci\u00f3n de Marte hacia La Tierra. Hay algunos elementos que deberemos asumir para poder hacer viable nuestro tema. Los detallo a continuaci\u00f3n.<\/p>\n<p>El primero y m\u00e1s importante es que la civilizaci\u00f3n de Marte deber\u00eda haberse encontrado en un estad\u00edo similar al nuestro. Con una sociedad con similar grado de madurez y una tecnolog\u00eda avanzada pero sin capacidad de viajes espaciales sostenibles mas all\u00e1 de la \u00f3rbita del planeta.<\/p>\n<p>Contextualizando, a nivel social, tal como han expuesto algunos escritores, estamos entrando a la adolescencia de nuestra especie. Como tal todav\u00eda no hemos logrado controlar en su totalidad nuestros deseos y pensamientos autodestructivos. Vemos guerras, corrupci\u00f3n, desidia, ansias de poder, entre muchas otras que no nos permiten avanzar y madurar como especie.<\/p>\n<p>El segundo punto y que sin \u00e9l no es posible continuar con esta ch\u00e1chara es que existe un planeta cercano a Marte (en proporciones estelares) con capacidad de sostener la vida tal y como se conoce. Comparando con nuestra realidad actual, nosotros no contamos con ning\u00fan planeta en el vecindario que pueda sostener la vida tal y como la conocemos; todos nuestros vecinos son yermos, o muy frios o muy calientes y no presentan los elementos b\u00e1sicos de la vida tal como agua l\u00edquida, un campo magn\u00e9tico que proteja de la radiaci\u00f3n y una atm\u00f3sfera propia.<\/p>\n<p>Imaginemos que la civilizaci\u00f3n de Marte, hace ya muchos milenios, descubre un cometa o planetoide que colisionar\u00e1 y acabar\u00e1 con la vida del planeta. La colisi\u00f3n proyectada es tan fuerte que es posible que afecte hasta el n\u00facleo del planeta. Deciden los habitantes del planeta tratar de salvar la propia especie moviendose hacia el planeta cercano y que cumple con caracter\u00edsticas similares de vida.<\/p>\n<p>Debido a su escaso avance tecnol\u00f3gico, no podr\u00e1n salvar a todos los habitantes. Tendr\u00e1n que enviar un grupo de individuos, quiza con alguno que otro animal de soporte para que se colonice el nuevo planeta. La nave deber\u00e1 transportar el semillero gen\u00e9tico de la especie, llamese individuo maduro u \u00f3vulo fertilizado, hasta el otro planeta; unos podr\u00e1n decir que, tal como la pel\u00edcula <em>Interestellar<\/em>, el transportar \u00f3vulos fertilizados no necesita de mucho espacio f\u00edsico, pero parece que nadie pens\u00f3 en los vientres necesarios para terminar de madurar los embriones y tampoco en que, aparentemente, entre mas avanzada sea una especie mas tiempo necesita en que el v\u00e1stago se valga por s\u00ed mismo.<\/p>\n<p>No se puede iniciar un viaje si no se cuenta con alg\u00fan tipo de veh\u00edculo. Es por ello que la civilizaci\u00f3n decide construir una nave espacial. Uno de los problemas mas patentes es que no pueden construir una nave espacial que inicie su viaje desde dentro de la atm\u00f3sfera ya que necesitarian una cantidad de combustible casi infinita. El otro elemento importante es que tampoco cuentan con materiales lo suficientemente fuertes para crear una estructura capaz de soportarse ella misma en esas proporciones dentro de la atm\u00f3sfera, o mejor dicho, cercana a la zona de influencia gravitacional.<\/p>\n<p>La nave en la que se realizar\u00e1 la traves\u00eda deber\u00e1 contar con espacio suficiente para, no solo transportar a las personas sino que tambi\u00e9n combustible, alimento, agua, repuestos, et al; generar, artificialmente, alg\u00fan grado de fuerza gravitacional; guardar a la poblaci\u00f3n de la radiaci\u00f3n; alg\u00fan m\u00e9todo para viajar fuera de ella entre otras, pero muchas otras cosas que no se mencionan aqu\u00ed.<\/p>\n<p>En alg\u00fan sitio le\u00ed que para mantener la diversidad gen\u00e9tica de nuestra especie, son necesarios cerca de 20,000 individuos. Asumiendo que es la cantidad correcta, y asumiendo que cada individuo necesita al menos 4 metros cuadrados en promedio, estamos hablando de una nave de 80,000 metros cuadrados, solo para el espacio de las individuos.<\/p>\n<p>Teniendo en consideraci\u00f3n el tama\u00f1o de la nave, deber\u00eda ser necesario construirla en \u00f3rbita. Y si se construye arriba implica que tampoco podr\u00eda entrar en la atm\u00f3sfera.<\/p>\n<p>&#8230; continuar\u00e1.<\/p>\n","protected":false},"excerpt":{"rendered":"<p>Hace algun tiempo, se me ocurrio preguntarme: que tal si nosotros, los humanos, no somos nativos a este planeta? La pregunta viene por las muchas historias que est\u00e1n siendo publicadas alrededor de las fotos que env\u00eda el Mars Curiosity y de las cuales muchos te\u00f3ricos de la conspiraci\u00f3n afirman que muestran elementos atribuibles a civilizaci\u00f3n. [&hellip;]<\/p>\n","protected":false},"author":6,"featured_media":0,"parent":182,"menu_order":0,"comment_status":"closed","ping_status":"open","template":"page-templates\/full-width.php","meta":{"om_disable_all_campaigns":false,"_mi_skip_tracking":false,"_exactmetrics_sitenote_active":false,"_exactmetrics_sitenote_note":"","_exactmetrics_sitenote_category":0,"_monsterinsights_skip_tracking":false,"_monsterinsights_sitenote_active":false,"_monsterinsights_sitenote_note":"","_monsterinsights_sitenote_category":0},"aioseo_notices":[],"_links":{"self":[{"href":"https:\/\/www.matyver.net\/index.php\/wp-json\/wp\/v2\/pages\/185"}],"collection":[{"href":"https:\/\/www.matyver.net\/index.php\/wp-json\/wp\/v2\/pages"}],"about":[{"href":"https:\/\/www.matyver.net\/index.php\/wp-json\/wp\/v2\/types\/page"}],"author":[{"embeddable":true,"href":"https:\/\/www.matyver.net\/index.php\/wp-json\/wp\/v2\/users\/6"}],"replies":[{"embeddable":true,"href":"https:\/\/www.matyver.net\/index.php\/wp-json\/wp\/v2\/comments?post=185"}],"version-history":[{"count":12,"href":"https:\/\/www.matyver.net\/index.php\/wp-json\/wp\/v2\/pages\/185\/revisions"}],"predecessor-version":[{"id":211,"href":"https:\/\/www.matyver.net\/index.php\/wp-json\/wp\/v2\/pages\/185\/revisions\/211"}],"up":[{"embeddable":true,"href":"https:\/\/www.matyver.net\/index.php\/wp-json\/wp\/v2\/pages\/182"}],"wp:attachment":[{"href":"https:\/\/www.matyver.net\/index.php\/wp-json\/wp\/v2\/media?parent=185"}],"curies":[{"name":"wp","href":"https:\/\/api.w.org\/{rel}","templated":true}]}}