{"id":187,"date":"2015-01-28T12:46:04","date_gmt":"2015-01-28T18:46:04","guid":{"rendered":"http:\/\/www.matyver.net\/?page_id=187"},"modified":"2015-01-29T21:19:11","modified_gmt":"2015-01-30T03:19:11","slug":"diccionario","status":"publish","type":"page","link":"https:\/\/www.matyver.net\/index.php\/diccionario\/","title":{"rendered":"Diccionario"},"content":{"rendered":"\n<div class=\"twitter-share\"><a href=\"https:\/\/twitter.com\/intent\/tweet?via=matyver_sv\" class=\"twitter-share-button\">Tweet<\/a><\/div>\n<p>Las respuestas a la pregunta de <em>que diablos significa esto?<\/em><\/p>\n<p><strong><em>puesiesque<\/em><\/strong> <small>Sig:<\/small><a href=\"http:\/\/www.tubabel.com\/slangs\/30786\/other\">corresponde al cl\u00e1sico hab\u00eda una vez&#8230;.. de los cuentos<\/a><\/p>\n<p><em><strong>tetuntazo <\/strong><\/em>seg\u00fan <a href=\"http:\/\/www.rae.es\/\">www.rae.es<\/a>: <span class=\"d\" title=\"nombre masculino\">m.<\/span><span class=\"d\"><i> <span class=\"d\" title=\"El Salvador\">El Salv.<\/span><\/i><\/span><span class=\"d\"> y<i> <span class=\"d\" title=\"Guatemala\">Guat.<\/span><\/i><\/span><span class=\"b\"> Golpe dado con un tetunte.<\/span><\/p>\n","protected":false},"excerpt":{"rendered":"<p>Las respuestas a la pregunta de que diablos significa esto? puesiesque Sig:corresponde al cl\u00e1sico hab\u00eda una vez&#8230;.. de los cuentos tetuntazo seg\u00fan www.rae.es: m. El Salv. y Guat. Golpe dado con un tetunte.<\/p>\n","protected":false},"author":6,"featured_media":0,"parent":0,"menu_order":0,"comment_status":"closed","ping_status":"open","template":"","meta":{"om_disable_all_campaigns":false,"_mi_skip_tracking":false,"_exactmetrics_sitenote_active":false,"_exactmetrics_sitenote_note":"","_exactmetrics_sitenote_category":0,"_monsterinsights_skip_tracking":false,"_monsterinsights_sitenote_active":false,"_monsterinsights_sitenote_note":"","_monsterinsights_sitenote_category":0},"aioseo_notices":[],"_links":{"self":[{"href":"https:\/\/www.matyver.net\/index.php\/wp-json\/wp\/v2\/pages\/187"}],"collection":[{"href":"https:\/\/www.matyver.net\/index.php\/wp-json\/wp\/v2\/pages"}],"about":[{"href":"https:\/\/www.matyver.net\/index.php\/wp-json\/wp\/v2\/types\/page"}],"author":[{"embeddable":true,"href":"https:\/\/www.matyver.net\/index.php\/wp-json\/wp\/v2\/users\/6"}],"replies":[{"embeddable":true,"href":"https:\/\/www.matyver.net\/index.php\/wp-json\/wp\/v2\/comments?post=187"}],"version-history":[{"count":5,"href":"https:\/\/www.matyver.net\/index.php\/wp-json\/wp\/v2\/pages\/187\/revisions"}],"predecessor-version":[{"id":202,"href":"https:\/\/www.matyver.net\/index.php\/wp-json\/wp\/v2\/pages\/187\/revisions\/202"}],"wp:attachment":[{"href":"https:\/\/www.matyver.net\/index.php\/wp-json\/wp\/v2\/media?parent=187"}],"curies":[{"name":"wp","href":"https:\/\/api.w.org\/{rel}","templated":true}]}}