{"id":221,"date":"2016-12-23T18:40:43","date_gmt":"2016-12-24T00:40:43","guid":{"rendered":"http:\/\/www.matyver.net\/?page_id=221"},"modified":"2016-12-23T18:40:43","modified_gmt":"2016-12-24T00:40:43","slug":"fibra-optica","status":"publish","type":"page","link":"https:\/\/www.matyver.net\/index.php\/tecnologia\/fibra-optica\/","title":{"rendered":"Fibra \u00f3ptica"},"content":{"rendered":"\n<div class=\"twitter-share\"><a href=\"https:\/\/twitter.com\/intent\/tweet?via=matyver_sv\" class=\"twitter-share-button\">Tweet<\/a><\/div>\n<p>Ultimamente se escucha mucho en nuestro pa\u00eds la <em>fibra \u00f3ptica<\/em>. Vale la pena hablar un poco al respecto. Como siempre, las explicaciones se dar\u00e1n en t\u00e9rminos sencillos que esperemos ayuden a encender la chispa de la curiosidad y nos lleve a investigar en t\u00e9rminos m\u00e1s profesionales.<\/p>\n<p>La fibra \u00f3ptica per se es un filamento de vidrio. Tan delgado como un cabello humano.<\/p>\n<p>Ahora bien, creo que nadie, mas all\u00e1 de los que trabajamos con ella, ha visto un filamento de vidrio entrando a ninguna casa o edificio. Donde, pues, est\u00e1 o pasa dicha fibra? El caso es que el filamento, al ser tan delgado es sumamente fr\u00e1gil y necesita de protecci\u00f3n.<\/p>\n<p>La fibra \u00f3ptica viaja protegida por varias capas de elementos que conforman un <em>cable<\/em> de fibra \u00f3ptica. Creo que todos hemos notado que los cables telef\u00f3nicos llevan varios alambres; no todos son utilizados pero si todos viajan juntos dentro del cable.<\/p>\n<p>Como todo, los cables de fibra \u00f3ptica se cuelgan de los postes de alumbrado el\u00e9ctrico, pasan a trav\u00e9s de ductos, etc. Es de esa manera que el filamento de fibra llega hasta donde sea necesario: adentro del cable.<\/p>\n<p>Tomando en consideraci\u00f3n lo anterior, cabe preguntarse, <em>si parece un cable de alambres, se cuelga en los postes como un cable de alambres y tiene la misma funci\u00f3n de un cable de alambres, cual es su ventaja sobre el cable de alambres?<\/em><\/p>\n<p>La respuesta, a pesar que es obvia no es f\u00e1cil de responder. La ventaja de la fibra \u00f3ptica es que la se\u00f1al de telecomunicaci\u00f3n se transporta en forma de <em>luz<\/em>.<\/p>\n<p>Vamos a hacer una pausa para explicar algunos conceptos que vamos a necesitar posteriormente. Como estamos hablando de comunicaciones, es decir, la transferencia de informaci\u00f3n, tomaremos como simil la conversaci\u00f3n entre 2 personas.<\/p>\n<p>El primer concepto es la unidad de informaci\u00f3n. Para el caso de una conversaci\u00f3n, las unidades son las vocalizaciones (los sonidos) que conforman las palabras y que a su vez conforman las ideas. Para el caso de las telecomunicaciones digitales tomaremos la unidad como el <em>bit<\/em>.<\/p>\n<p>El segundo concepto es la potencia. Para el caso de una conversaci\u00f3n, es la fuerza que se debe imprimir a cada sonido tal que la otra parte pueda escucharlo claramente; ojo con esta \u00faltima palabra: <em>claramente<\/em>. En las telecomunicaciones, son los voltios para el caso de medio met\u00e1lico (alambre) o la intensidad de la luz en el caso de medio \u00f3ptico (fibra).<\/p>\n<p>El tercer concepto es la palabra del parrafo anterior: claramente. A este concepto le llamamos <em>piso de ruido<\/em>. El piso de ruido no es m\u00e1s cualquier otro sonido dentro del rango de audici\u00f3n (que no es parte de la conversaci\u00f3n) cuando estamos estamos conversando. En el caso del alambre, es cualquier voltaje dentro del mismo que no es parte de la se\u00f1al. En el caso de la fibra, es cualquier otra luz que no sea parte de la se\u00f1al.<\/p>\n<p>Ahora empecemos.<\/p>\n<p>Si nuestros conversadores est\u00e1n platicando dentro de un estudio de grabaci\u00f3n que esta aislado del mundo exterior, entonces con poca fuerza sobre la voz la conversaci\u00f3n tendr\u00e1 \u00e9xito. Caso contrario ser\u00e1 que quieran llevar a cabo dicha conversaci\u00f3n en el centro de la ciudad, en la esquina m\u00e1s transitada; all\u00ed tendr\u00e1n que gritar para lograr dicha conversaci\u00f3n.<\/p>\n<p>Ahora bien, si nuestros conversadores de van al estadio a llevar a cabo su transferencia de ideas, por el ruido circundante, no solamente tendr\u00e1n que gritar sino que tambi\u00e9n tendr\u00e1n que gritar mas despacio para que la vocalizaci\u00f3n llegue hasta el receptor de manera que pueda ser diferenciada del resto de la conversaci\u00f3n.<\/p>\n<p>Volviendo a las telecomunicaciones, el alambre (medio met\u00e1lico) tiene ciertas caracter\u00edsticas que van en detrimento del transporte de se\u00f1ales de telecomunicaci\u00f3n. El primero es que el mismo es, por ser met\u00e1lico, una antena que capta otras se\u00f1ales que se transforman en ruido dentro del alambre, es decir, el piso de ruido es alto. El segundo es la resistencia el\u00e9ctrica que genera el metal y hace que las se\u00f1ales pierdan potencia a trav\u00e9s de la distancia de una manera mas abrupta. La tercera es que, al ser met\u00e1lico es tambi\u00e9n susceptible a los cambios de temperatura.<\/p>\n<p>La fibra tiene tambi\u00e9n sus debilidades pero para fines de telecomunicaciones dichas debilidades son manejables. Comparado con un medio met\u00e1lico, la fibra es mucho menos susceptible (si no es inmune) a captar se\u00f1ales externas que incrementen en piso de ruido. Tambi\u00e9n la resistencia por unidad de distancia es mucho menor por lo cual puede llegar m\u00e1s lejos y por \u00faltimo los cambios de temperatura, a menos que sean extremos, no afectan las caracter\u00edsticas del medio.<\/p>\n<p>Estas caracter\u00edsticas permiten que la fibra transporte m\u00e1s unidades de informaci\u00f3n por unidad de tiempo en distancias mas largas produciendo una percepci\u00f3n de rapidez. Es como conversar en un estudio de grabaci\u00f3n enorme donde no deban gritar a pesar de la distancia.<\/p>\n<p>&nbsp;<\/p>\n<p>&nbsp;<\/p>\n<p>&nbsp;<\/p>\n","protected":false},"excerpt":{"rendered":"<p>Ultimamente se escucha mucho en nuestro pa\u00eds la fibra \u00f3ptica. Vale la pena hablar un poco al respecto. Como siempre, las explicaciones se dar\u00e1n en t\u00e9rminos sencillos que esperemos ayuden a encender la chispa de la curiosidad y nos lleve a investigar en t\u00e9rminos m\u00e1s profesionales. La fibra \u00f3ptica per se es un filamento de [&hellip;]<\/p>\n","protected":false},"author":6,"featured_media":0,"parent":105,"menu_order":0,"comment_status":"closed","ping_status":"closed","template":"","meta":{"om_disable_all_campaigns":false,"_mi_skip_tracking":false,"_exactmetrics_sitenote_active":false,"_exactmetrics_sitenote_note":"","_exactmetrics_sitenote_category":0,"_monsterinsights_skip_tracking":false,"_monsterinsights_sitenote_active":false,"_monsterinsights_sitenote_note":"","_monsterinsights_sitenote_category":0},"aioseo_notices":[],"_links":{"self":[{"href":"https:\/\/www.matyver.net\/index.php\/wp-json\/wp\/v2\/pages\/221"}],"collection":[{"href":"https:\/\/www.matyver.net\/index.php\/wp-json\/wp\/v2\/pages"}],"about":[{"href":"https:\/\/www.matyver.net\/index.php\/wp-json\/wp\/v2\/types\/page"}],"author":[{"embeddable":true,"href":"https:\/\/www.matyver.net\/index.php\/wp-json\/wp\/v2\/users\/6"}],"replies":[{"embeddable":true,"href":"https:\/\/www.matyver.net\/index.php\/wp-json\/wp\/v2\/comments?post=221"}],"version-history":[{"count":1,"href":"https:\/\/www.matyver.net\/index.php\/wp-json\/wp\/v2\/pages\/221\/revisions"}],"predecessor-version":[{"id":222,"href":"https:\/\/www.matyver.net\/index.php\/wp-json\/wp\/v2\/pages\/221\/revisions\/222"}],"up":[{"embeddable":true,"href":"https:\/\/www.matyver.net\/index.php\/wp-json\/wp\/v2\/pages\/105"}],"wp:attachment":[{"href":"https:\/\/www.matyver.net\/index.php\/wp-json\/wp\/v2\/media?parent=221"}],"curies":[{"name":"wp","href":"https:\/\/api.w.org\/{rel}","templated":true}]}}