{"id":243,"date":"2017-06-26T13:16:35","date_gmt":"2017-06-26T19:16:35","guid":{"rendered":"http:\/\/www.matyver.net\/?page_id=243"},"modified":"2017-07-05T14:23:09","modified_gmt":"2017-07-05T20:23:09","slug":"contactos","status":"publish","type":"page","link":"https:\/\/www.matyver.net\/index.php\/contactos\/","title":{"rendered":"Contactos"},"content":{"rendered":"\n<div class=\"twitter-share\"><a href=\"https:\/\/twitter.com\/intent\/tweet?via=matyver_sv\" class=\"twitter-share-button\">Tweet<\/a><\/div>\n<p>Para contactarme podr\u00e1 dejar un correo en matyver en el servidor matyver punto net. Si necesita enviar informaci\u00f3n confidencial puede hacerlo con la llave p\u00fablica:<\/p>\n<p>&nbsp;<\/p>\n<p><span style=\"font-family: 'courier new', courier, monospace;\">&#8212;&#8211;BEGIN PGP PUBLIC KEY BLOCK&#8212;&#8211;<\/span><br \/>\n<span style=\"font-family: 'courier new', courier, monospace;\">Version: GnuPG v2<\/span><\/p>\n<p><span style=\"font-family: 'courier new', courier, monospace;\">mQENBFlRSmUBCADUJvBQW8WTsMa7+5OXXDo0lJNeqVWqE0tcU1G2JbJESlBa\/r1e<\/span><br \/>\n<span style=\"font-family: 'courier new', courier, monospace;\">eX6grbEfxQT2P+vAB7z6\/baizTfx03G81tguVAGtuDWZg6n7Kg8XiAu3e5b9Dfof<\/span><br \/>\n<span style=\"font-family: 'courier new', courier, monospace;\">soyR89GzrFMqytKKmf3xJ6gaRq64UWexgtX+Pq3KENqDpDeA+\/sF0a00HOm+3ayX<\/span><br \/>\n<span style=\"font-family: 'courier new', courier, monospace;\">gnqvOOXnpmk+j16Q16llkm6acbSFwGzzGXPmqqhkS0dKeQ2cTEPV6+DsNiKmYX4K<\/span><br \/>\n<span style=\"font-family: 'courier new', courier, monospace;\">YBtNFKTjRK8So85OhFY6olXN5Rmd9a4kyvcv3Y\/R4XgVMSHLC+eVg6saEgn4yF81<\/span><br \/>\n<span style=\"font-family: 'courier new', courier, monospace;\">c5rHQ40VMALJklySIYJLklBT2LJpVH2KEYhzABEBAAG0H01pZ3VlbCBNYXRhIDxt<\/span><br \/>\n<span style=\"font-family: 'courier new', courier, monospace;\">YXR5dmVyQGdtYWlsLmNvbT6JATkEEwEIACMFAllRSmUCGwMHCwkIBwMCAQYVCAIJ<\/span><br \/>\n<span style=\"font-family: 'courier new', courier, monospace;\">CgsEFgIDAQIeAQIXgAAKCRDZUUUbSGiaN\/GDB\/4lHQjeb0hH5902EkBIjgpPXEOx<\/span><br \/>\n<span style=\"font-family: 'courier new', courier, monospace;\">+yYwnPhtLvIazzGfabOS7kOR1n1bn7n2MY2R\/NL039hVD436jGMBTJDYpOaSZe5U<\/span><br \/>\n<span style=\"font-family: 'courier new', courier, monospace;\">nBPUAk0MqxsZnc0X32jNjdTKNlb\/8DwA1Fesh2cGnwQu67SYDMNiFXje3mt3V7sW<\/span><br \/>\n<span style=\"font-family: 'courier new', courier, monospace;\">uBj5Lk0OKJtmd8HzFjC7EM5YKuIBAkY91yy4rEgYWz\/c4MKisF32Yazf5hgwopZ4<\/span><br \/>\n<span style=\"font-family: 'courier new', courier, monospace;\">GifBEmGtpkEoaDbhTEJ0ijhjywlGmwS7HcbwouoEQNrE0WjlfYWB6grXg+5J7tzA<\/span><br \/>\n<span style=\"font-family: 'courier new', courier, monospace;\">iOrGJH9w+pTvrACpq0sa72aJ\/6HcJL1wU8yCiuH\/v7XdQBoJKyk\/aK6aVINeuQEN<\/span><br \/>\n<span style=\"font-family: 'courier new', courier, monospace;\">BFlRSmUBCADiEkDFCVK5SVQoJGgxwmdNHEn+JkrirPxSF3VEJyNxlVN5mLFrQEJ1<\/span><br \/>\n<span style=\"font-family: 'courier new', courier, monospace;\">mTNM0RdS3EYlNoCglr+qkdNQtFDCTbSnS2B1by4bhumJy5b\/x+OgSq87\/HErJNPc<\/span><br \/>\n<span style=\"font-family: 'courier new', courier, monospace;\">Lwlvd5gwl+kjZGPBtGYz0zXllR8yrOVvrY7\/1RZaJKiP4FoEmFJ+ZKuP621RmDhv<\/span><br \/>\n<span style=\"font-family: 'courier new', courier, monospace;\">3qIiYv0gjU9pefKvAC+lKiHYeTp\/kYSI55ZbtB8Sf+RSJn89Ul797VvBKf9mRRLo<\/span><br \/>\n<span style=\"font-family: 'courier new', courier, monospace;\">aNNHtTJ7dVdz\/lARtxS13Ov2pzlZMNThTek6f78p3x\/R8z5lX7QJ4Bt+iPM3u2sn<\/span><br \/>\n<span style=\"font-family: 'courier new', courier, monospace;\">a+KRqzEqvMr8NSUeiRPi7L1iyNWvWh2HABEBAAGJAR8EGAEIAAkFAllRSmUCGwwA<\/span><br \/>\n<span style=\"font-family: 'courier new', courier, monospace;\">CgkQ2VFFG0homjeiFwgAu0iUkUvlUpSFbJZmu5RjeUAUBLWCfzYyCO8AWNq12Pd8<\/span><br \/>\n<span style=\"font-family: 'courier new', courier, monospace;\">B\/0wxlWoJnDQMYJegAfUbcOuvVosUVFNvdkxjZCKgHAPT5E\/gef6ezTSyPriu0rL<\/span><br \/>\n<span style=\"font-family: 'courier new', courier, monospace;\">Zx2peV2Xm\/5Dg6kKBf9v\/kDcGHxp9QGL\/GDv2MURnCc+nxEt2065rhjKMuW8USo1<\/span><br \/>\n<span style=\"font-family: 'courier new', courier, monospace;\">hncQzKAXcgiyEB9vZWUt3K0OBns7bZmeIqFFuqeAIPGWM\/bb7J6+Eu9tr3HbOQJc<\/span><br \/>\n<span style=\"font-family: 'courier new', courier, monospace;\">Qlivmd7n0gBKThGlq7k7wujQxuNvaWJE6GQvEODgTidGAOfVtYMfH9R9EjWKezW7<\/span><br \/>\n<span style=\"font-family: 'courier new', courier, monospace;\">eEIZvfXjPX8J+2dei2aYqnVNITwEt6eoz1L1sRPo9Q==<\/span><br \/>\n<span style=\"font-family: 'courier new', courier, monospace;\">=Qppp<\/span><br \/>\n<span style=\"font-family: 'courier new', courier, monospace;\">&#8212;&#8211;END PGP PUBLIC KEY BLOCK&#8212;&#8211;<\/span><\/p>\n<p>&nbsp;<\/p>\n<p>&nbsp;<\/p>\n","protected":false},"excerpt":{"rendered":"<p>Para contactarme podr\u00e1 dejar un correo en matyver en el servidor matyver punto net. Si necesita enviar informaci\u00f3n confidencial puede hacerlo con la llave p\u00fablica: &nbsp; &#8212;&#8211;BEGIN PGP PUBLIC KEY BLOCK&#8212;&#8211; Version: GnuPG v2 mQENBFlRSmUBCADUJvBQW8WTsMa7+5OXXDo0lJNeqVWqE0tcU1G2JbJESlBa\/r1e eX6grbEfxQT2P+vAB7z6\/baizTfx03G81tguVAGtuDWZg6n7Kg8XiAu3e5b9Dfof soyR89GzrFMqytKKmf3xJ6gaRq64UWexgtX+Pq3KENqDpDeA+\/sF0a00HOm+3ayX gnqvOOXnpmk+j16Q16llkm6acbSFwGzzGXPmqqhkS0dKeQ2cTEPV6+DsNiKmYX4K YBtNFKTjRK8So85OhFY6olXN5Rmd9a4kyvcv3Y\/R4XgVMSHLC+eVg6saEgn4yF81 c5rHQ40VMALJklySIYJLklBT2LJpVH2KEYhzABEBAAG0H01pZ3VlbCBNYXRhIDxt YXR5dmVyQGdtYWlsLmNvbT6JATkEEwEIACMFAllRSmUCGwMHCwkIBwMCAQYVCAIJ CgsEFgIDAQIeAQIXgAAKCRDZUUUbSGiaN\/GDB\/4lHQjeb0hH5902EkBIjgpPXEOx +yYwnPhtLvIazzGfabOS7kOR1n1bn7n2MY2R\/NL039hVD436jGMBTJDYpOaSZe5U nBPUAk0MqxsZnc0X32jNjdTKNlb\/8DwA1Fesh2cGnwQu67SYDMNiFXje3mt3V7sW uBj5Lk0OKJtmd8HzFjC7EM5YKuIBAkY91yy4rEgYWz\/c4MKisF32Yazf5hgwopZ4 GifBEmGtpkEoaDbhTEJ0ijhjywlGmwS7HcbwouoEQNrE0WjlfYWB6grXg+5J7tzA iOrGJH9w+pTvrACpq0sa72aJ\/6HcJL1wU8yCiuH\/v7XdQBoJKyk\/aK6aVINeuQEN BFlRSmUBCADiEkDFCVK5SVQoJGgxwmdNHEn+JkrirPxSF3VEJyNxlVN5mLFrQEJ1 mTNM0RdS3EYlNoCglr+qkdNQtFDCTbSnS2B1by4bhumJy5b\/x+OgSq87\/HErJNPc Lwlvd5gwl+kjZGPBtGYz0zXllR8yrOVvrY7\/1RZaJKiP4FoEmFJ+ZKuP621RmDhv 3qIiYv0gjU9pefKvAC+lKiHYeTp\/kYSI55ZbtB8Sf+RSJn89Ul797VvBKf9mRRLo aNNHtTJ7dVdz\/lARtxS13Ov2pzlZMNThTek6f78p3x\/R8z5lX7QJ4Bt+iPM3u2sn a+KRqzEqvMr8NSUeiRPi7L1iyNWvWh2HABEBAAGJAR8EGAEIAAkFAllRSmUCGwwA CgkQ2VFFG0homjeiFwgAu0iUkUvlUpSFbJZmu5RjeUAUBLWCfzYyCO8AWNq12Pd8 B\/0wxlWoJnDQMYJegAfUbcOuvVosUVFNvdkxjZCKgHAPT5E\/gef6ezTSyPriu0rL [&hellip;]<\/p>\n","protected":false},"author":6,"featured_media":0,"parent":0,"menu_order":10,"comment_status":"closed","ping_status":"closed","template":"","meta":{"om_disable_all_campaigns":false,"_mi_skip_tracking":false,"_exactmetrics_sitenote_active":false,"_exactmetrics_sitenote_note":"","_exactmetrics_sitenote_category":0,"_monsterinsights_skip_tracking":false,"_monsterinsights_sitenote_active":false,"_monsterinsights_sitenote_note":"","_monsterinsights_sitenote_category":0},"aioseo_notices":[],"_links":{"self":[{"href":"https:\/\/www.matyver.net\/index.php\/wp-json\/wp\/v2\/pages\/243"}],"collection":[{"href":"https:\/\/www.matyver.net\/index.php\/wp-json\/wp\/v2\/pages"}],"about":[{"href":"https:\/\/www.matyver.net\/index.php\/wp-json\/wp\/v2\/types\/page"}],"author":[{"embeddable":true,"href":"https:\/\/www.matyver.net\/index.php\/wp-json\/wp\/v2\/users\/6"}],"replies":[{"embeddable":true,"href":"https:\/\/www.matyver.net\/index.php\/wp-json\/wp\/v2\/comments?post=243"}],"version-history":[{"count":4,"href":"https:\/\/www.matyver.net\/index.php\/wp-json\/wp\/v2\/pages\/243\/revisions"}],"predecessor-version":[{"id":249,"href":"https:\/\/www.matyver.net\/index.php\/wp-json\/wp\/v2\/pages\/243\/revisions\/249"}],"wp:attachment":[{"href":"https:\/\/www.matyver.net\/index.php\/wp-json\/wp\/v2\/media?parent=243"}],"curies":[{"name":"wp","href":"https:\/\/api.w.org\/{rel}","templated":true}]}}